{"id":14,"date":"2025-11-07T21:57:36","date_gmt":"2025-11-07T21:57:36","guid":{"rendered":"https:\/\/rwkleve-tennis.de\/?page_id=14"},"modified":"2025-11-07T22:01:28","modified_gmt":"2025-11-07T22:01:28","slug":"trainer","status":"publish","type":"page","link":"https:\/\/rwkleve-tennis.de\/?page_id=14","title":{"rendered":"Trainer"},"content":{"rendered":"\n<p>Wir kooperieren mit der Tennisakademie Marco Oversteegen. Er und sein Team bieten Tennistraining f\u00fcr unsere Vereinsmitglieder auf unserer Tennisanlageam Bresserberg an. Kinder, Jugendliche und Erwachsene k\u00f6nnen nat\u00fcrlich erst einmal eine kurze Zeit \u201eschnuppern\u201c, ohne Vereinsmitglieder zu sein. Einfach nachfragen!<\/p>\n\n\n\n<p><strong>Kontakdaten:<\/strong><\/p>\n\n\n\n<p>Homepage:&nbsp;<a href=\"http:\/\/www.tennisakademie-oversteegen.de\/\">www.tennisakademie-oversteegen.de<\/a><\/p>\n\n\n\n<p>Telefon.: 02821-26568 oder 0171-1748492<\/p>\n\n\n\n<p>oder auch jederzeit \u00fcber den Vereinsvorstand.<\/p>\n","protected":false},"excerpt":{"rendered":"<p>Wir kooperieren mit der Tennisakademie Marco Oversteegen. Er und sein Team bieten Tennistraining f\u00fcr unsere Vereinsmitglieder auf unserer Tennisanlageam Bresserberg an. Kinder, Jugendliche und Erwachsene k\u00f6nnen nat\u00fcrlich erst einmal eine kurze Zeit \u201eschnuppern\u201c, ohne Vereinsmitglieder zu sein. Einfach nachfragen! Kontakdaten: Homepage:&nbsp;www.tennisakademie-oversteegen.de Telefon.: 02821-26568 oder 0171-1748492 oder auch jederzeit \u00fcber den Vereinsvorstand.<\/p>\n","protected":false},"author":1,"featured_media":0,"parent":0,"menu_order":0,"comment_status":"closed","ping_status":"closed","template":"","meta":{"ngg_post_thumbnail":0,"footnotes":""},"class_list":["post-14","page","type-page","status-publish","hentry"],"_links":{"self":[{"href":"https:\/\/rwkleve-tennis.de\/index.php?rest_route=\/wp\/v2\/pages\/14","targetHints":{"allow":["GET"]}}],"collection":[{"href":"https:\/\/rwkleve-tennis.de\/index.php?rest_route=\/wp\/v2\/pages"}],"about":[{"href":"https:\/\/rwkleve-tennis.de\/index.php?rest_route=\/wp\/v2\/types\/page"}],"author":[{"embeddable":true,"href":"https:\/\/rwkleve-tennis.de\/index.php?rest_route=\/wp\/v2\/users\/1"}],"replies":[{"embeddable":true,"href":"https:\/\/rwkleve-tennis.de\/index.php?rest_route=%2Fwp%2Fv2%2Fcomments&post=14"}],"version-history":[{"count":2,"href":"https:\/\/rwkleve-tennis.de\/index.php?rest_route=\/wp\/v2\/pages\/14\/revisions"}],"predecessor-version":[{"id":44,"href":"https:\/\/rwkleve-tennis.de\/index.php?rest_route=\/wp\/v2\/pages\/14\/revisions\/44"}],"wp:attachment":[{"href":"https:\/\/rwkleve-tennis.de\/index.php?rest_route=%2Fwp%2Fv2%2Fmedia&parent=14"}],"curies":[{"name":"wp","href":"https:\/\/api.w.org\/{rel}","templated":true}]}}